{"id":3081,"date":"2016-08-31T17:45:52","date_gmt":"2016-08-31T17:45:52","guid":{"rendered":"https:\/\/www.mpvc.pt\/fr\/fenetres-pvc\/janelas-de-correr-elevavel-sistema-e170\/"},"modified":"2018-02-26T10:57:14","modified_gmt":"2018-02-26T10:57:14","slug":"fenetres-coulissantes-de-levage-systeme-e170","status":"publish","type":"page","link":"https:\/\/www.mpvc.pt\/fr\/fenetres-pvc\/fenetres-coulissantes-de-levage-systeme-e170\/","title":{"rendered":"Fen\u00eatres Coulissantes de Levage &#8211; Syst\u00e8me E170"},"content":{"rendered":"<p>[vc_row css=&#8221;.vc_custom_1469113350300{margin-bottom: 30px !important;}&#8221;][vc_column]<div class=\"ozy-owlcarousel single navigation-on \" data-autoplay=\"false\" data-items=\"1\" data-singleitem=\"true\" data-slidespeed=\"200\" data-paginationSpeed=\"800\" data-autoheight=\"false\">\n<div class=\"item owl-item-1577\" style=\"width:960px;height:540px\"><img src=\"https:\/\/www.mpvc.pt\/wp-content\/uploads\/2016\/08\/janelas-pvc-cortizo-e170-1.jpg\" alt=\"full\"\/><div class=\"caption\"><\/div><\/div><div class=\"item owl-item-2292\" style=\"width:960px;height:540px\"><img src=\"https:\/\/www.mpvc.pt\/wp-content\/uploads\/2016\/08\/janelas-pvc-cortizo-e170.960x.jpg\" alt=\"full\"\/><div class=\"caption\"><\/div><\/div><div class=\"item owl-item-1258\" style=\"width:960px;height:540px\"><img src=\"https:\/\/www.mpvc.pt\/wp-content\/uploads\/2016\/08\/janelas-pvc-cortizo-e-170.jpg\" alt=\"full\"\/><div class=\"caption\"><\/div><\/div><div class=\"item owl-item-7756\" style=\"width:960px;height:540px\"><img src=\"https:\/\/www.mpvc.pt\/wp-content\/uploads\/2016\/08\/janelas-pvc-cortizo-e170.960x1.jpg\" alt=\"full\"\/><div class=\"caption\"><\/div><\/div>\n<\/div>[\/vc_column][\/vc_row][vc_row][vc_column][vc_column_text]<\/p>\n<h2>Le syst\u00e8me id\u00e9al pour les ch\u00e2ssis de grandes dimensions<\/h2>\n<p>[\/vc_column_text][vc_tta_accordion style=&#8221;outline&#8221; shape=&#8221;square&#8221; active_section=&#8221;1&#8243;][vc_tta_section title=&#8221;Caract\u00e9ristiques&#8221; tab_id=&#8221;caract\u00e9ristiques&#8221;][vc_column_text]Le E170 est un syst\u00e8me de levage con\u00e7u pour l&#8217;application de ch\u00e2ssis de grandes envergures pour obtenir de grandes surfaces vitr\u00e9es qui maximise la luminosit\u00e9 des espaces int\u00e9rieurs. Le syst\u00e8me est pr\u00e9par\u00e9 pour des fen\u00eatres avec les dimensions maximum de 3 m\u00e8tres de large sur 2,75 m\u00e8tres de haut.<\/p>\n<p>Le E170 dispose d\u2019un dormant de 170 mm de profondeur et d&#8217;une capacit\u00e9 maximale pour les vitrages de 40 mm. La ferrure int\u00e9gr\u00e9e, qui assure une manipulation suave dans les man\u0153uvres d&#8217;ouverture et de fermeture, supporte jusqu&#8217;\u00e0 300 kg par vantail.[\/vc_column_text][vc_column_text]<strong>Couleurs et Finitions<\/strong><\/p>\n<ul>\n<li>Blanc<\/li>\n<li>Toutes les <a href=\"https:\/\/www.mpvc.pt\/wp-content\/uploads\/2016\/08\/Janelas-PVC-Cores-RAL.jpg\">couleurs RAL<\/a><\/li>\n<li>Imitation bois<\/li>\n<li>Possibilit\u00e9 de double couleur<\/li>\n<\/ul>\n<p>[\/vc_column_text][vc_images_carousel images=&#8221;2225,2224,2223,2222,2221,2220,2219,2218&#8243; img_size=&#8221;&#8221; slides_per_view=&#8221;6&#8243; hide_pagination_control=&#8221;yes&#8221;][vc_column_text]<strong>Options d&#8217;Ouverture<\/strong><\/p>\n<ul>\n<li>Coulissant de levage de 1, 2 et 4 vantaux.<\/li>\n<\/ul>\n<p><img loading=\"lazy\" class=\"alignnone size-full wp-image-2245\" src=\"https:\/\/www.mpvc.pt\/wp-content\/uploads\/2016\/10\/janelas-pvc-abertura-basculante-2.gif\" alt=\"janelas-pvc-abertura-basculante-2\" width=\"52\" height=\"36\" \/><img loading=\"lazy\" class=\"alignnone size-full wp-image-2246\" src=\"https:\/\/www.mpvc.pt\/wp-content\/uploads\/2016\/10\/janelas-pvc-abertura-basculante-3.gif\" alt=\"janelas-pvc-abertura-basculante-3\" width=\"75\" height=\"36\" \/><img loading=\"lazy\" class=\"alignnone size-full wp-image-2247\" src=\"https:\/\/www.mpvc.pt\/wp-content\/uploads\/2016\/10\/janelas-pvc-abertura-basculante-4.gif\" alt=\"janelas-pvc-abertura-basculante-4\" width=\"97\" height=\"36\" \/>[\/vc_column_text][vc_column_text]<strong>S\u00e9curit\u00e9<\/strong><\/p>\n<p>Cortizo a int\u00e9gr\u00e9 dans les syst\u00e8mes ouvrant \u00e0 la fran\u00e7aise des arr\u00eats sp\u00e9ciaux anti-levier \u00a0qui emp\u00eachent l&#8217;acc\u00e8s \u00e0 ceux qui veulent forcer la fen\u00eatre. De plus, la capacit\u00e9 de vitrage allant jusqu&#8217;\u00e0 40 millim\u00e8tres permet d&#8217;incorporer du vitrage de s\u00e9curit\u00e9 pour optimiser la garantie du syst\u00e8me antivol et l&#8217;imp\u00e9n\u00e9trabilit\u00e9 de la maison et des autres b\u00e2timents.[\/vc_column_text][vc_column_text]<strong>Ventilation<\/strong><\/p>\n<p>Il est \u00e9quip\u00e9 d&#8217;un syst\u00e8me de ventilation permanente qui augmente le confort de la villa tout au long de l&#8217;ann\u00e9e et r\u00e9duit les \u00e9missions de CO2.[\/vc_column_text][\/vc_tta_section][vc_tta_section title=&#8221;Param\u00e8tres Techniques&#8221; tab_id=&#8221;param\u00e8tres-techniques&#8221;]<div class=\"tabs tabs-style-underline\"><nav><ul><li><a href=\"#tab-section-1\" class=\"\"><span>Isolation Acoustique<\/span><\/a><\/li><li><a href=\"#tab-section-2\" class=\"\"><span>Efficacit\u00e9 \u00e9nerg\u00e9tique<\/span><\/a><\/li><li><a href=\"#tab-section-3\" class=\"\"><span>Sections<\/span><\/a><\/li><li><a href=\"#tab-section-4\" class=\"\"><span>Dimensions\/Poids<\/span><\/a><\/li><\/ul><\/nav><div class=\"content-wrap\"><section id=\"tab-section-1\"><\/p>\n<ul>\n<li>Vitrage maximum 40 mm.<\/li>\n<\/ul>\n<p>Isolation Acoustique selon le type de vitrage (calculs bas\u00e9s sur la norme EN 14351-1: 2006):<\/p>\n<table>\n<tbody>\n<tr>\n<td width=\"288\">VITRAGE<\/td>\n<td width=\"288\">R\u00c9DUCTION DU NIVEAU ACOUSTIQUE<\/td>\n<\/tr>\n<tr>\n<td width=\"288\">6\/8\/6<\/td>\n<td width=\"288\">Rw(C:ctr)=28(-1;-4)dBA<\/td>\n<\/tr>\n<tr>\n<td width=\"288\">10\/10\/6<\/td>\n<td width=\"288\">Rw(C:ctr)=29(-1;-3)dBA<\/td>\n<\/tr>\n<tr>\n<td width=\"288\">6\/14\/5+5<\/td>\n<td width=\"288\">Rw(C:ctr)=30(-1;-4)dBA<\/td>\n<\/tr>\n<\/tbody>\n<\/table>\n<p><\/section><section id=\"tab-section-2\"><\/p>\n<ul>\n<li>Coefficient de transmission thermique: Uw \u00e0 partir de 0.9 (W \/ m\u00b2K) &#8211; consulter la typologie, la dimension et le vitrage;<\/li>\n<li>Zones de conformit\u00e9 du RCCTE *: I1 I2 I3.<\/li>\n<\/ul>\n<p>*Selon le coefficient de transmission thermique du vitrage.<\/section><section id=\"tab-section-3\"><\/p>\n<ul>\n<li>Dormant<strong> 170mm<\/strong><\/li>\n<li>Ouvrant<strong> 70mm<\/strong><\/li>\n<\/ul>\n<p><\/section><section id=\"tab-section-4\">Dimensions maximum<\/p>\n<ul>\n<li>Largeur (L)= 6.000mm<\/li>\n<li>Hauteur (H)= 2.750mm<\/li>\n<\/ul>\n<p>&nbsp;<\/p>\n<p>Baie de 2 vantaux, Poids maximum\/vantail 300 Kg<\/p>\n<p>Consulter le poids et les dimensions maximum pour les autres typologies.<\/section><\/div><\/div>[\/vc_tta_section][vc_tta_section title=&#8221;Cat\u00e9gories sur le banc d&#8217;essais&#8221; tab_id=&#8221;cat\u00e9gories&#8221;][vc_column_text]<\/p>\n<ul>\n<li><strong>Classe A<\/strong>\u00a0\u2013 \u00c9paisseur de 3.0 mm (sup\u00e9rieure \u00e0 celle requise)<\/li>\n<li><strong>Classe S<\/strong> \u2013 R\u00e9sistance maximale \u00e0 l&#8217;incidence solaire<\/li>\n<li><strong>Classe II<\/strong> \u2013 R\u00e9sistance maximale aux chocs<\/li>\n<\/ul>\n<p>[\/vc_column_text][\/vc_tta_section][vc_tta_section title=&#8221;Accessoires&#8221; tab_id=&#8221;accessoires&#8221;]<div class=\"tabs tabs-style-underline\"><nav><ul><li><a href=\"#tab-section-1\" class=\"\"><span>Ferrures<\/span><\/a><\/li><li><a href=\"#tab-section-2\" class=\"\"><span>Vitrage<\/span><\/a><\/li><\/ul><\/nav><div class=\"content-wrap\"><section id=\"tab-section-1\">Conscients des besoins et des exigences du march\u00e9, nous nous engageons \u00e0 int\u00e9grer une gamme d&#8217;accessoires et de ferrures de la plus haute qualit\u00e9 qui garantissent les performances extraordinaires de nos syst\u00e8mes en PVC.<\/p>\n<p>Pour cela, nous avons choisi une marque leader dans l&#8217;industrie, <strong>ROTO<\/strong>, qui, avec plus de 75 ans d&#8217;exp\u00e9rience et une qualit\u00e9 reconnue, r\u00e9pond \u00e0 tous les besoins de s\u00e9curit\u00e9, confort, design, fonctionnalit\u00e9 et facilit\u00e9 de montage.<\/section><section id=\"tab-section-2\">Le vitrage est l&#8217;\u00e9l\u00e9ment le plus fragile des fa\u00e7ades et occupe environ 80% de la surface des fen\u00eatres.<\/p>\n<p>Il existe des types de vitrage tr\u00e8s diff\u00e9rents qui correspondent \u00e9galement \u00e0 diff\u00e9rentes priorit\u00e9s. Savoir choisir le bon vitrage est une \u00e9tape fondamentale pour augmenter le confort thermique et acoustique, mais aussi la s\u00e9curit\u00e9 des maisons et autres b\u00e2timents.<\/p>\n<p>Ne n\u00e9gligez pas le choix du vitrage lors de l&#8217;achat de vos fen\u00eatres. Ce post &#8211; <a href=\"\/fr\/choisissez-le-meilleur-vitrage-pour-vos-fenetres-pvc\">Choisir le meilleur vitrage pour vos fen\u00eatres en PVC<\/a> &#8211; peut aider.<\/section><\/div><\/div>[\/vc_tta_section][vc_tta_section title=&#8221;Micro-ventilation&#8221; tab_id=&#8221;microventilation&#8221;]<div class=\"tabs tabs-style-underline\"><nav><ul><li><a href=\"#tab-section-1\" class=\"\"><span>Qu&#039;est-ce que c&#039;est et comment \u00e7a marche<\/span><\/a><\/li><li><a href=\"#tab-section-2\" class=\"\"><span>Vid\u00e9o<\/span><\/a><\/li><\/ul><\/nav><div class=\"content-wrap\"><section id=\"tab-section-1\">Afin d\u2019\u00eatre conforme au RCCTE (r\u00e8glement sur les caract\u00e9ristiques de performance thermique des b\u00e2timents), les b\u00e2timents doivent avoir des syst\u00e8mes de ventilation et des ouvertures d&#8217;admission pour assurer le renouvellement et la qualit\u00e9 de l&#8217;air int\u00e9rieur.<\/p>\n<p>Ainsi, Cortizo a cr\u00e9\u00e9 un syst\u00e8me de ventilation en termes de salubrit\u00e9, <strong>Micro-ventilation<\/strong>, compos\u00e9 de deux parties introduites dans la propre ferrure de la fen\u00eatre. Ce syst\u00e8me permet une ouverture millim\u00e9trique (6 \u00e0 8 mm) qui assure une admission d&#8217;air lente et progressive m\u00eame avec la fen\u00eatre ferm\u00e9e.<\/p>\n<p>La Micro-ventilation est applicable \u00e0 tous les types d&#8217;ouvertures (battantes, oscillo-battantes et coulissantes) et est r\u00e9glable, permettant ainsi des variations dans les flux de ventilation.<\/p>\n<p><strong>Avantages de la Micro-ventilation Cortizo:<\/strong><\/p>\n<ul>\n<li>Conformit\u00e9 \u00e0 la norme RCCTE\u00a0;<\/li>\n<li>Moins cher que d&#8217;autres syst\u00e8mes de ventilation;<\/li>\n<li>M\u00e9canisme cach\u00e9 dans la ferrure, ne modifiant pas l&#8217;esth\u00e9tique de la fen\u00eatre;<\/li>\n<li>Cela n&#8217;affecte pas la performance finale de la fen\u00eatre (efficacit\u00e9 \u00e9nerg\u00e9tique et isolation acoustique).<\/li>\n<\/ul>\n<p><\/section><section id=\"tab-section-2\"><iframe loading=\"lazy\" src=\"https:\/\/www.youtube.com\/embed\/WHhcCClXpRo\" width=\"100%\" height=\"100%\" frameborder=\"0\" allowfullscreen=\"allowfullscreen\"><\/iframe><\/section><\/div><\/div>[\/vc_tta_section][\/vc_tta_accordion][\/vc_column][\/vc_row][vc_row row_fullwidth=&#8221;1&#8243; css=&#8221;.vc_custom_1472579177617{padding-top: 60px !important;}&#8221;][vc_column]<fieldset class=\"ozy-content-divider  wpb_content_element\" style=\"border-top-style:solid;border-top-width:1px;border-top-color:#81d742\"><legend class=\"dcenter\" align=\"center\"> AUTRES FEN\u00caTRES<\/legend><\/fieldset>[\/vc_column][\/vc_row][vc_row css=&#8221;.vc_custom_1472579308240{padding-bottom: 60px !important;}&#8221;][vc_column width=&#8221;1\/3&#8243;]<div class=\"ozy-flex-box \">\n\t\t\t\t<a class=\"hover-frame\" href=\"\/fr\/fenetres-pvc\/fenetres-coulissantes-systeme-c70\/\" target=\"_self\">\n\t\t\t\t\t<span class=\"hover-frame-wrapper\">\n\t\t\t\t\t\t<img src=\"https:\/\/www.mpvc.pt\/wp-content\/uploads\/2016\/03\/janelas-pvc-cortizo-c70.jpg\" alt=\"Fen\u00eatre Coulissante \"\/>\n\t\t\t\t\t\t<span class=\"hover-frame-inner\"><\/span>\n\t\t\t\t\t<\/span>\n\t\t\t\t\t<h6><\/h6>\n\t\t\t\t<\/a>\n\t\t\t\t<h5>Fen\u00eatre Coulissante <\/h5>Syst\u00e8me C70<\/div>[\/vc_column][vc_column width=&#8221;1\/3&#8243;]<div class=\"ozy-flex-box \">\n\t\t\t\t<a class=\"hover-frame\" href=\"\/fr\/fenetres-pvc\/systeme-ouvrant-a-la-francaise-a70\/\" target=\"_self\">\n\t\t\t\t\t<span class=\"hover-frame-wrapper\">\n\t\t\t\t\t\t<img src=\"https:\/\/www.mpvc.pt\/wp-content\/uploads\/2016\/03\/janelas-pvc-cortizo-a70.jpg\" alt=\"Fen\u00eatre Ouvrant \u00e0 la Fran\u00e7aise \"\/>\n\t\t\t\t\t\t<span class=\"hover-frame-inner\"><\/span>\n\t\t\t\t\t<\/span>\n\t\t\t\t\t<h6><\/h6>\n\t\t\t\t<\/a>\n\t\t\t\t<h5>Fen\u00eatre Ouvrant \u00e0 la Fran\u00e7aise <\/h5>Syst\u00e8me A70<\/div>[\/vc_column][vc_column width=&#8221;1\/3&#8243;]<div class=\"ozy-flex-box \">\n\t\t\t\t<a class=\"hover-frame\" href=\"\/fr\/fenetres-pvc\/fenetre-levante-coulissant\/\" target=\"_self\">\n\t\t\t\t\t<span class=\"hover-frame-wrapper\">\n\t\t\t\t\t\t<img src=\"https:\/\/www.mpvc.pt\/wp-content\/uploads\/2016\/06\/janela-pvc-osciloparalela.jpg\" alt=\"Fen\u00eatre Levante Coulissante \"\/>\n\t\t\t\t\t\t<span class=\"hover-frame-inner\"><\/span>\n\t\t\t\t\t<\/span>\n\t\t\t\t\t<h6><\/h6>\n\t\t\t\t<\/a>\n\t\t\t\t<h5>Fen\u00eatre Levante Coulissante <\/h5>Syst\u00e8me Patio Z<\/div>[\/vc_column][\/vc_row]<\/p>\n","protected":false},"excerpt":{"rendered":"<p>[vc_row css=&#8221;.vc_custom_1469113350300{margin-bottom: 30px !important;}&#8221;][vc_column][\/vc_column][\/vc_row][vc_row][vc_column][vc_column_text] Le syst\u00e8me id\u00e9al pour les ch\u00e2ssis de grandes dimensions [\/vc_column_text][vc_tta_accordion style=&#8221;outline&#8221; shape=&#8221;square&#8221; active_section=&#8221;1&#8243;][vc_tta_section title=&#8221;Caract\u00e9ristiques&#8221; tab_id=&#8221;caract\u00e9ristiques&#8221;][vc_column_text]Le E170 est un syst\u00e8me de levage con\u00e7u pour l&#8217;application de ch\u00e2ssis [&hellip;]<\/p>\n","protected":false},"author":1,"featured_media":0,"parent":3035,"menu_order":0,"comment_status":"closed","ping_status":"closed","template":"","meta":{"_mi_skip_tracking":false,"_monsterinsights_sitenote_active":false,"_monsterinsights_sitenote_note":"","_monsterinsights_sitenote_category":0},"yoast_head":"<!-- This site is optimized with the Yoast SEO plugin v19.4 - https:\/\/yoast.com\/wordpress\/plugins\/seo\/ -->\n<title>Janelas PVC Cortizo - Sistema E170 de Correr Elev\u00e1vel | MPVC<\/title>\n<meta name=\"description\" content=\"Janelas PVC Cortizo E170 de Correr Elev\u00e1vel - o sistema concebido para maximizar a superf\u00edcie envidra\u00e7ada e a entrada de luz natural. | MPVC - Janelas PVC.\" \/>\n<meta name=\"robots\" content=\"index, follow, max-snippet:-1, max-image-preview:large, max-video-preview:-1\" \/>\n<link rel=\"canonical\" href=\"https:\/\/www.mpvc.pt\/fr\/fenetres-pvc\/fenetres-coulissantes-de-levage-systeme-e170\/\" \/>\n<meta property=\"og:locale\" content=\"fr_FR\" \/>\n<meta property=\"og:type\" content=\"article\" \/>\n<meta property=\"og:title\" content=\"Janelas PVC Cortizo - Sistema E170 de Correr Elev\u00e1vel | MPVC\" \/>\n<meta property=\"og:description\" content=\"Janelas PVC Cortizo E170 de Correr Elev\u00e1vel - o sistema concebido para maximizar a superf\u00edcie envidra\u00e7ada e a entrada de luz natural. | MPVC - Janelas PVC.\" \/>\n<meta property=\"og:url\" content=\"https:\/\/www.mpvc.pt\/fr\/fenetres-pvc\/fenetres-coulissantes-de-levage-systeme-e170\/\" \/>\n<meta property=\"og:site_name\" content=\"MPVC\" \/>\n<meta property=\"article:modified_time\" content=\"2018-02-26T10:57:14+00:00\" \/>\n<meta property=\"og:image\" content=\"https:\/\/www.mpvc.pt\/wp-content\/uploads\/2016\/10\/janelas-pvc-abertura-basculante-2.gif\" \/>\n<meta name=\"twitter:card\" content=\"summary\" \/>\n<meta name=\"twitter:label1\" content=\"Dur\u00e9e de lecture estim\u00e9e\" \/>\n\t<meta name=\"twitter:data1\" content=\"6 minutes\" \/>\n<script type=\"application\/ld+json\" class=\"yoast-schema-graph\">{\"@context\":\"https:\/\/schema.org\",\"@graph\":[{\"@type\":\"WebSite\",\"@id\":\"https:\/\/www.mpvc.pt\/#website\",\"url\":\"https:\/\/www.mpvc.pt\/\",\"name\":\"MPVC\",\"description\":\"Janelas PVC\",\"potentialAction\":[{\"@type\":\"SearchAction\",\"target\":{\"@type\":\"EntryPoint\",\"urlTemplate\":\"https:\/\/www.mpvc.pt\/?s={search_term_string}\"},\"query-input\":\"required name=search_term_string\"}],\"inLanguage\":\"fr-FR\"},{\"@type\":\"WebPage\",\"@id\":\"https:\/\/www.mpvc.pt\/fr\/fenetres-pvc\/fenetres-coulissantes-de-levage-systeme-e170\/\",\"url\":\"https:\/\/www.mpvc.pt\/fr\/fenetres-pvc\/fenetres-coulissantes-de-levage-systeme-e170\/\",\"name\":\"Janelas PVC Cortizo - Sistema E170 de Correr Elev\u00e1vel | MPVC\",\"isPartOf\":{\"@id\":\"https:\/\/www.mpvc.pt\/#website\"},\"datePublished\":\"2016-08-31T17:45:52+00:00\",\"dateModified\":\"2018-02-26T10:57:14+00:00\",\"description\":\"Janelas PVC Cortizo E170 de Correr Elev\u00e1vel - o sistema concebido para maximizar a superf\u00edcie envidra\u00e7ada e a entrada de luz natural. | MPVC - Janelas PVC.\",\"breadcrumb\":{\"@id\":\"https:\/\/www.mpvc.pt\/fr\/fenetres-pvc\/fenetres-coulissantes-de-levage-systeme-e170\/#breadcrumb\"},\"inLanguage\":\"fr-FR\",\"potentialAction\":[{\"@type\":\"ReadAction\",\"target\":[\"https:\/\/www.mpvc.pt\/fr\/fenetres-pvc\/fenetres-coulissantes-de-levage-systeme-e170\/\"]}]},{\"@type\":\"BreadcrumbList\",\"@id\":\"https:\/\/www.mpvc.pt\/fr\/fenetres-pvc\/fenetres-coulissantes-de-levage-systeme-e170\/#breadcrumb\",\"itemListElement\":[{\"@type\":\"ListItem\",\"position\":1,\"name\":\"In\u00edcio\",\"item\":\"https:\/\/www.mpvc.pt\/fr\/\"},{\"@type\":\"ListItem\",\"position\":2,\"name\":\"FEN\u00caTRES PVC\",\"item\":\"https:\/\/www.mpvc.pt\/fr\/fenetres-pvc\/\"},{\"@type\":\"ListItem\",\"position\":3,\"name\":\"Fen\u00eatres Coulissantes de Levage &#8211; Syst\u00e8me E170\"}]}]}<\/script>\n<!-- \/ Yoast SEO plugin. -->","yoast_head_json":{"title":"Janelas PVC Cortizo - Sistema E170 de Correr Elev\u00e1vel | MPVC","description":"Janelas PVC Cortizo E170 de Correr Elev\u00e1vel - o sistema concebido para maximizar a superf\u00edcie envidra\u00e7ada e a entrada de luz natural. | MPVC - Janelas PVC.","robots":{"index":"index","follow":"follow","max-snippet":"max-snippet:-1","max-image-preview":"max-image-preview:large","max-video-preview":"max-video-preview:-1"},"canonical":"https:\/\/www.mpvc.pt\/fr\/fenetres-pvc\/fenetres-coulissantes-de-levage-systeme-e170\/","og_locale":"fr_FR","og_type":"article","og_title":"Janelas PVC Cortizo - Sistema E170 de Correr Elev\u00e1vel | MPVC","og_description":"Janelas PVC Cortizo E170 de Correr Elev\u00e1vel - o sistema concebido para maximizar a superf\u00edcie envidra\u00e7ada e a entrada de luz natural. | MPVC - Janelas PVC.","og_url":"https:\/\/www.mpvc.pt\/fr\/fenetres-pvc\/fenetres-coulissantes-de-levage-systeme-e170\/","og_site_name":"MPVC","article_modified_time":"2018-02-26T10:57:14+00:00","og_image":[{"url":"https:\/\/www.mpvc.pt\/wp-content\/uploads\/2016\/10\/janelas-pvc-abertura-basculante-2.gif"}],"twitter_card":"summary","twitter_misc":{"Dur\u00e9e de lecture estim\u00e9e":"6 minutes"},"schema":{"@context":"https:\/\/schema.org","@graph":[{"@type":"WebSite","@id":"https:\/\/www.mpvc.pt\/#website","url":"https:\/\/www.mpvc.pt\/","name":"MPVC","description":"Janelas PVC","potentialAction":[{"@type":"SearchAction","target":{"@type":"EntryPoint","urlTemplate":"https:\/\/www.mpvc.pt\/?s={search_term_string}"},"query-input":"required name=search_term_string"}],"inLanguage":"fr-FR"},{"@type":"WebPage","@id":"https:\/\/www.mpvc.pt\/fr\/fenetres-pvc\/fenetres-coulissantes-de-levage-systeme-e170\/","url":"https:\/\/www.mpvc.pt\/fr\/fenetres-pvc\/fenetres-coulissantes-de-levage-systeme-e170\/","name":"Janelas PVC Cortizo - Sistema E170 de Correr Elev\u00e1vel | MPVC","isPartOf":{"@id":"https:\/\/www.mpvc.pt\/#website"},"datePublished":"2016-08-31T17:45:52+00:00","dateModified":"2018-02-26T10:57:14+00:00","description":"Janelas PVC Cortizo E170 de Correr Elev\u00e1vel - o sistema concebido para maximizar a superf\u00edcie envidra\u00e7ada e a entrada de luz natural. | MPVC - Janelas PVC.","breadcrumb":{"@id":"https:\/\/www.mpvc.pt\/fr\/fenetres-pvc\/fenetres-coulissantes-de-levage-systeme-e170\/#breadcrumb"},"inLanguage":"fr-FR","potentialAction":[{"@type":"ReadAction","target":["https:\/\/www.mpvc.pt\/fr\/fenetres-pvc\/fenetres-coulissantes-de-levage-systeme-e170\/"]}]},{"@type":"BreadcrumbList","@id":"https:\/\/www.mpvc.pt\/fr\/fenetres-pvc\/fenetres-coulissantes-de-levage-systeme-e170\/#breadcrumb","itemListElement":[{"@type":"ListItem","position":1,"name":"In\u00edcio","item":"https:\/\/www.mpvc.pt\/fr\/"},{"@type":"ListItem","position":2,"name":"FEN\u00caTRES PVC","item":"https:\/\/www.mpvc.pt\/fr\/fenetres-pvc\/"},{"@type":"ListItem","position":3,"name":"Fen\u00eatres Coulissantes de Levage &#8211; Syst\u00e8me E170"}]}]}},"_links":{"self":[{"href":"https:\/\/www.mpvc.pt\/fr\/wp-json\/wp\/v2\/pages\/3081"}],"collection":[{"href":"https:\/\/www.mpvc.pt\/fr\/wp-json\/wp\/v2\/pages"}],"about":[{"href":"https:\/\/www.mpvc.pt\/fr\/wp-json\/wp\/v2\/types\/page"}],"author":[{"embeddable":true,"href":"https:\/\/www.mpvc.pt\/fr\/wp-json\/wp\/v2\/users\/1"}],"replies":[{"embeddable":true,"href":"https:\/\/www.mpvc.pt\/fr\/wp-json\/wp\/v2\/comments?post=3081"}],"version-history":[{"count":4,"href":"https:\/\/www.mpvc.pt\/fr\/wp-json\/wp\/v2\/pages\/3081\/revisions"}],"predecessor-version":[{"id":3284,"href":"https:\/\/www.mpvc.pt\/fr\/wp-json\/wp\/v2\/pages\/3081\/revisions\/3284"}],"up":[{"embeddable":true,"href":"https:\/\/www.mpvc.pt\/fr\/wp-json\/wp\/v2\/pages\/3035"}],"wp:attachment":[{"href":"https:\/\/www.mpvc.pt\/fr\/wp-json\/wp\/v2\/media?parent=3081"}],"curies":[{"name":"wp","href":"https:\/\/api.w.org\/{rel}","templated":true}]}}