{"id":3093,"date":"2016-06-28T10:50:27","date_gmt":"2016-06-28T10:50:27","guid":{"rendered":"https:\/\/www.mpvc.pt\/fr\/outros-produtos\/"},"modified":"2018-02-23T16:14:52","modified_gmt":"2018-02-23T16:14:52","slug":"autres-produits","status":"publish","type":"page","link":"https:\/\/www.mpvc.pt\/fr\/autres-produits\/","title":{"rendered":"AUTRES PRODUITS"},"content":{"rendered":"<p>[vc_row css=&#8221;.vc_custom_1477071237038{margin-top: 20px !important;padding-bottom: 0px !important;}&#8221;][vc_column][vc_custom_heading text=&#8221;Une seule entreprise, de nombreuses solutions pour votre projet&#8221; use_theme_fonts=&#8221;yes&#8221;]<div class=\"header-line\" style=\"background-color:#dfdfdf\"><span style=\"height:1px;background-color:#6ace00\"><\/span><\/div>[vc_column_text]La construction ou l&#8217;am\u00e9lioration d&#8217;une habitation ou d&#8217;un autre b\u00e2timent est une activit\u00e9 extr\u00eamement stimulante mais peut aussi \u00eatre exhaustive. Pour rendre la vie plus facile \u00e0 nos clients, en plus de nos solutions de <strong>Fen\u00eatres PVC<\/strong>, nous pouvons \u00e9galement vous fournir des <strong>Portes d&#8217;Entr\u00e9e<\/strong>, des <strong>Volets Roulants Ext\u00e9rieurs<\/strong> ou des<strong> Brises-Soleils<\/strong> et des <strong>Moustiquaires<\/strong>. Des produits, tous d&#8217;une qualit\u00e9 exceptionnelle.<\/p>\n<ul>\n<li>Dans les 3 s\u00e9ries de nos <strong>Portes d&#8217;Entr\u00e9e<\/strong> <strong>en PVC<\/strong>, vous trouverez la combinaison parfaite de r\u00e9sistance, de design et d&#8217;options de personnalisation.<\/li>\n<li>Notre gamme diversifi\u00e9e de <strong>Volets Roulants Ext\u00e9rieurs<\/strong> a des solutions pour chaque contexte et pour toutes les priorit\u00e9s (isolation thermique, esth\u00e9tique, s\u00e9curit\u00e9, etc.).<\/li>\n<li>Avec les lames orientables des <strong>Brises-Soleils<\/strong>, vous obtiendrez un contr\u00f4le exceptionnel sur l&#8217;\u00e9clairage naturel des espaces int\u00e9rieurs.<\/li>\n<li>Et pour vous prot\u00e9ger des insectes, comptez sur les <strong>Moustiquaires\u00a0<\/strong>: une solution simple, \u00e9cologique et extr\u00eamement efficace.<\/li>\n<\/ul>\n<p>De plus, vous aurez une<strong> \u00e9quipe de professionnels comp\u00e9tents<\/strong> et <strong>motiv\u00e9s<\/strong> qui vous aideront \u00e0 prendre les bonnes d\u00e9cisions et \u00e0 vous fournir le meilleur service possible.[\/vc_column_text][\/vc_column][\/vc_row][vc_row css=&#8221;.vc_custom_1477071219286{margin-top: 0px !important;}&#8221;][vc_column width=&#8221;1\/2&#8243;]<div style=\"height:30px\" class=\"ozy-spacer\"><\/div><a href=\"\/fr\/autres-produits\/portes-dentree-en-pvc\/\" target=\"_self\" class=\"ozy-image-with-caption\" id=\"image-with-caption-7638\">\n<figure><img src=\"https:\/\/www.mpvc.pt\/wp-content\/uploads\/2016\/06\/portas-pvc-outros-produtos.jpg\" alt=\"PORTES D&#039;ENTR\u00c9E EN PVC\"\/><\/figure><section><h5>PORTES D&#039;ENTR\u00c9E EN PVC<\/h5><span class=\"tag\">En savoir plus<\/span><\/section>\n<\/a><div style=\"height:40px\" class=\"ozy-spacer\"><\/div><a href=\"\/fr\/autres-produits\/moustiquaires\/\" target=\"_self\" class=\"ozy-image-with-caption\" id=\"image-with-caption-5872\">\n<figure><img src=\"https:\/\/www.mpvc.pt\/wp-content\/uploads\/2016\/06\/mosquiteiros-outros-produtos.jpg\" alt=\"MOUSTIQUAIRES\"\/><\/figure><section><h5>MOUSTIQUAIRES<\/h5><span class=\"tag\">En savoir plus<\/span><\/section>\n<\/a>[\/vc_column][vc_column width=&#8221;1\/2&#8243;]<div style=\"height:30px\" class=\"ozy-spacer\"><\/div><a href=\"\/fr\/autres-produits\/brises-soleils\/\" target=\"_self\" class=\"ozy-image-with-caption\" id=\"image-with-caption-7173\">\n<figure><img src=\"https:\/\/www.mpvc.pt\/wp-content\/uploads\/2016\/06\/brisa-solar-outros-produtos-2.jpg\" alt=\"BRISES-SOLEILS\"\/><\/figure><section><h5>BRISES-SOLEILS<\/h5><span class=\"tag\">En savoir plus<\/span><\/section>\n<\/a><div style=\"height:40px\" class=\"ozy-spacer\"><\/div><a href=\"\/fr\/autres-produits\/volets-roulants-exterieurs\/\" target=\"_self\" class=\"ozy-image-with-caption\" id=\"image-with-caption-2621\">\n<figure><img src=\"https:\/\/www.mpvc.pt\/wp-content\/uploads\/2016\/06\/estores-outros-produtos.jpg\" alt=\"VOLETS ROULANTS EXTERIEURS\"\/><\/figure><section><h5>VOLETS ROULANTS EXTERIEURS<\/h5><span class=\"tag\">En savoir plus<\/span><\/section>\n<\/a>[\/vc_column][\/vc_row][vc_row parallax=&#8221;content-moving&#8221; row_vertical_center=&#8221;1&#8243; row_zero_column_space=&#8221;1&#8243; css=&#8221;.vc_custom_1469223892831{margin-top: 60px !important;padding-top: 60px !important;padding-bottom: 60px !important;background-color: #f5f5f5 !important;}&#8221; row_min_height=&#8221;400&#8243;][vc_column]<div class=\"ozy-call-to-action-box \" style=\"background-image:url(https:\/\/www.mpvc.pt\/wp-content\/uploads\/2015\/03\/imagem-janela-pvc1.jpg)\"><div class=\"shadow-wrapper\"><\/div><div class=\"overlay-wrapper\"><h3>QUESTIONS, DOUTES OU DEVIS?<\/h3><a href=\"\/fr\/contacts\/\" target=\"_self\" class=\"heading-font\">CONTACTEZ-NOUS<\/a><i class=\"oic-email-mail-streamline\"><\/i><\/div><\/div>[\/vc_column][\/vc_row]<\/p>\n","protected":false},"excerpt":{"rendered":"<p>[vc_row css=&#8221;.vc_custom_1477071237038{margin-top: 20px !important;padding-bottom: 0px !important;}&#8221;][vc_column][vc_custom_heading text=&#8221;Une seule entreprise, de nombreuses solutions pour votre projet&#8221; use_theme_fonts=&#8221;yes&#8221;][vc_column_text]La construction ou l&#8217;am\u00e9lioration d&#8217;une habitation ou d&#8217;un autre b\u00e2timent est une activit\u00e9 extr\u00eamement stimulante [&hellip;]<\/p>\n","protected":false},"author":1,"featured_media":0,"parent":0,"menu_order":3,"comment_status":"closed","ping_status":"closed","template":"","meta":{"_mi_skip_tracking":false,"_monsterinsights_sitenote_active":false,"_monsterinsights_sitenote_note":"","_monsterinsights_sitenote_category":0},"yoast_head":"<!-- This site is optimized with the Yoast SEO plugin v19.4 - https:\/\/yoast.com\/wordpress\/plugins\/seo\/ -->\n<title>Portas PVC, Estores Exteriores, Mosquiteiros, Brisas Solares | MPVC<\/title>\n<meta name=\"description\" content=\"Uma empresa, m\u00faltiplas solu\u00e7\u00f5es: portas de entrada, estores exteriores, brisas solares e redes mosquiteiras. | MPVC - Janelas PVC, Caixilharia.\" \/>\n<meta name=\"robots\" content=\"index, follow, max-snippet:-1, max-image-preview:large, max-video-preview:-1\" \/>\n<link rel=\"canonical\" href=\"https:\/\/www.mpvc.pt\/fr\/autres-produits\/\" \/>\n<meta property=\"og:locale\" content=\"fr_FR\" \/>\n<meta property=\"og:type\" content=\"article\" \/>\n<meta property=\"og:title\" content=\"Portas PVC, Estores Exteriores, Mosquiteiros, Brisas Solares | MPVC\" \/>\n<meta property=\"og:description\" content=\"Uma empresa, m\u00faltiplas solu\u00e7\u00f5es: portas de entrada, estores exteriores, brisas solares e redes mosquiteiras. | MPVC - Janelas PVC, Caixilharia.\" \/>\n<meta property=\"og:url\" content=\"https:\/\/www.mpvc.pt\/fr\/autres-produits\/\" \/>\n<meta property=\"og:site_name\" content=\"MPVC\" \/>\n<meta property=\"article:modified_time\" content=\"2018-02-23T16:14:52+00:00\" \/>\n<meta name=\"twitter:card\" content=\"summary\" \/>\n<meta name=\"twitter:label1\" content=\"Dur\u00e9e de lecture estim\u00e9e\" \/>\n\t<meta name=\"twitter:data1\" content=\"2 minutes\" \/>\n<script type=\"application\/ld+json\" class=\"yoast-schema-graph\">{\"@context\":\"https:\/\/schema.org\",\"@graph\":[{\"@type\":\"WebSite\",\"@id\":\"https:\/\/www.mpvc.pt\/#website\",\"url\":\"https:\/\/www.mpvc.pt\/\",\"name\":\"MPVC\",\"description\":\"Janelas PVC\",\"potentialAction\":[{\"@type\":\"SearchAction\",\"target\":{\"@type\":\"EntryPoint\",\"urlTemplate\":\"https:\/\/www.mpvc.pt\/?s={search_term_string}\"},\"query-input\":\"required name=search_term_string\"}],\"inLanguage\":\"fr-FR\"},{\"@type\":\"WebPage\",\"@id\":\"https:\/\/www.mpvc.pt\/fr\/autres-produits\/\",\"url\":\"https:\/\/www.mpvc.pt\/fr\/autres-produits\/\",\"name\":\"Portas PVC, Estores Exteriores, Mosquiteiros, Brisas Solares | MPVC\",\"isPartOf\":{\"@id\":\"https:\/\/www.mpvc.pt\/#website\"},\"datePublished\":\"2016-06-28T10:50:27+00:00\",\"dateModified\":\"2018-02-23T16:14:52+00:00\",\"description\":\"Uma empresa, m\u00faltiplas solu\u00e7\u00f5es: portas de entrada, estores exteriores, brisas solares e redes mosquiteiras. | MPVC - Janelas PVC, Caixilharia.\",\"breadcrumb\":{\"@id\":\"https:\/\/www.mpvc.pt\/fr\/autres-produits\/#breadcrumb\"},\"inLanguage\":\"fr-FR\",\"potentialAction\":[{\"@type\":\"ReadAction\",\"target\":[\"https:\/\/www.mpvc.pt\/fr\/autres-produits\/\"]}]},{\"@type\":\"BreadcrumbList\",\"@id\":\"https:\/\/www.mpvc.pt\/fr\/autres-produits\/#breadcrumb\",\"itemListElement\":[{\"@type\":\"ListItem\",\"position\":1,\"name\":\"In\u00edcio\",\"item\":\"https:\/\/www.mpvc.pt\/fr\/\"},{\"@type\":\"ListItem\",\"position\":2,\"name\":\"AUTRES PRODUITS\"}]}]}<\/script>\n<!-- \/ Yoast SEO plugin. -->","yoast_head_json":{"title":"Portas PVC, Estores Exteriores, Mosquiteiros, Brisas Solares | MPVC","description":"Uma empresa, m\u00faltiplas solu\u00e7\u00f5es: portas de entrada, estores exteriores, brisas solares e redes mosquiteiras. | MPVC - Janelas PVC, Caixilharia.","robots":{"index":"index","follow":"follow","max-snippet":"max-snippet:-1","max-image-preview":"max-image-preview:large","max-video-preview":"max-video-preview:-1"},"canonical":"https:\/\/www.mpvc.pt\/fr\/autres-produits\/","og_locale":"fr_FR","og_type":"article","og_title":"Portas PVC, Estores Exteriores, Mosquiteiros, Brisas Solares | MPVC","og_description":"Uma empresa, m\u00faltiplas solu\u00e7\u00f5es: portas de entrada, estores exteriores, brisas solares e redes mosquiteiras. | MPVC - Janelas PVC, Caixilharia.","og_url":"https:\/\/www.mpvc.pt\/fr\/autres-produits\/","og_site_name":"MPVC","article_modified_time":"2018-02-23T16:14:52+00:00","twitter_card":"summary","twitter_misc":{"Dur\u00e9e de lecture estim\u00e9e":"2 minutes"},"schema":{"@context":"https:\/\/schema.org","@graph":[{"@type":"WebSite","@id":"https:\/\/www.mpvc.pt\/#website","url":"https:\/\/www.mpvc.pt\/","name":"MPVC","description":"Janelas PVC","potentialAction":[{"@type":"SearchAction","target":{"@type":"EntryPoint","urlTemplate":"https:\/\/www.mpvc.pt\/?s={search_term_string}"},"query-input":"required name=search_term_string"}],"inLanguage":"fr-FR"},{"@type":"WebPage","@id":"https:\/\/www.mpvc.pt\/fr\/autres-produits\/","url":"https:\/\/www.mpvc.pt\/fr\/autres-produits\/","name":"Portas PVC, Estores Exteriores, Mosquiteiros, Brisas Solares | MPVC","isPartOf":{"@id":"https:\/\/www.mpvc.pt\/#website"},"datePublished":"2016-06-28T10:50:27+00:00","dateModified":"2018-02-23T16:14:52+00:00","description":"Uma empresa, m\u00faltiplas solu\u00e7\u00f5es: portas de entrada, estores exteriores, brisas solares e redes mosquiteiras. | MPVC - Janelas PVC, Caixilharia.","breadcrumb":{"@id":"https:\/\/www.mpvc.pt\/fr\/autres-produits\/#breadcrumb"},"inLanguage":"fr-FR","potentialAction":[{"@type":"ReadAction","target":["https:\/\/www.mpvc.pt\/fr\/autres-produits\/"]}]},{"@type":"BreadcrumbList","@id":"https:\/\/www.mpvc.pt\/fr\/autres-produits\/#breadcrumb","itemListElement":[{"@type":"ListItem","position":1,"name":"In\u00edcio","item":"https:\/\/www.mpvc.pt\/fr\/"},{"@type":"ListItem","position":2,"name":"AUTRES PRODUITS"}]}]}},"_links":{"self":[{"href":"https:\/\/www.mpvc.pt\/fr\/wp-json\/wp\/v2\/pages\/3093"}],"collection":[{"href":"https:\/\/www.mpvc.pt\/fr\/wp-json\/wp\/v2\/pages"}],"about":[{"href":"https:\/\/www.mpvc.pt\/fr\/wp-json\/wp\/v2\/types\/page"}],"author":[{"embeddable":true,"href":"https:\/\/www.mpvc.pt\/fr\/wp-json\/wp\/v2\/users\/1"}],"replies":[{"embeddable":true,"href":"https:\/\/www.mpvc.pt\/fr\/wp-json\/wp\/v2\/comments?post=3093"}],"version-history":[{"count":3,"href":"https:\/\/www.mpvc.pt\/fr\/wp-json\/wp\/v2\/pages\/3093\/revisions"}],"predecessor-version":[{"id":3241,"href":"https:\/\/www.mpvc.pt\/fr\/wp-json\/wp\/v2\/pages\/3093\/revisions\/3241"}],"wp:attachment":[{"href":"https:\/\/www.mpvc.pt\/fr\/wp-json\/wp\/v2\/media?parent=3093"}],"curies":[{"name":"wp","href":"https:\/\/api.w.org\/{rel}","templated":true}]}}