{"id":3173,"date":"2016-06-30T10:17:44","date_gmt":"2016-06-30T10:17:44","guid":{"rendered":"https:\/\/www.mpvc.pt\/fr\/assistencia-garantias\/"},"modified":"2018-02-23T16:42:40","modified_gmt":"2018-02-23T16:42:40","slug":"assistance-et-garanties","status":"publish","type":"page","link":"https:\/\/www.mpvc.pt\/fr\/assistance-et-garanties\/","title":{"rendered":"ASSISTANCE ET GARANTIES"},"content":{"rendered":"<p>[vc_row css=&#8221;.vc_custom_1477300554166{margin-top: 20px !important;}&#8221;][vc_column][vc_custom_heading text=&#8221;Garantie prolong\u00e9e et assistance dans tout le pays&#8221; use_theme_fonts=&#8221;yes&#8221;]<div class=\"header-line\" style=\"background-color:#dfdfdf\"><span style=\"height:1px;background-color:#6ace00\"><\/span><\/div>[vc_column_text]Chez MPVC, nous sommes fiers d&#8217;\u00eatre associ\u00e9s \u00e0 des partenaires de renom, ax\u00e9s sur la satisfaction des besoins des clients d\u00e8s le d\u00e9part et qui ont acquis une r\u00e9putation de qualit\u00e9 et de confiance dans cette industrie.<\/p>\n<p>Nous travaillons avec des marques telles que Cortizo (fen\u00eatres PVC), ROTO (ferrures) et Saint Gobain (vitrage), entre autres, qui garantissent le fonctionnement et la durabilit\u00e9 des produits que nous vendons.<\/p>\n<p>En plus des garanties l\u00e9gales de nos partenaires, qui peuvent varier en fonction des produits achet\u00e9s, vous pouvez \u00e9galement compter sur un service d&#8217;assistance technique dans tout le pays.[\/vc_column_text][\/vc_column][\/vc_row][vc_row css=&#8221;.vc_custom_1478132099579{margin-top: 20px !important;margin-bottom: 0px !important;padding-top: 60px !important;padding-bottom: 60px !important;background-color: #f5f5f5 !important;}&#8221; row_min_height=&#8221;400&#8243;][vc_column][vc_row_inner][vc_column_inner][vc_custom_heading text=&#8221;PLUS D\u2019INFORMATIONS&#8221; font_container=&#8221;tag:h4|text_align:center&#8221; use_theme_fonts=&#8221;yes&#8221;]<div class=\"header-line\" style=\"background-color:#dfdfdf\"><span style=\"height:1px;position:absolute;left:50%;margin-left:-50px;;background-color:#6ace00\"><\/span><\/div>[\/vc_column_inner][\/vc_row_inner][vc_row_inner css=&#8221;.vc_custom_1478131665580{padding-top: 30px !important;}&#8221;][vc_column_inner width=&#8221;1\/3&#8243;]<div class=\"ozy-simlple-info-box\" id=\"simple-info-box-9377\"><img src=\"https:\/\/www.mpvc.pt\/wp-content\/uploads\/2016\/03\/janelas-pvc-cortizo.jpg\" alt=\"Pourquoi les choisir?\"\/><section><h5>Pourquoi les choisir?<\/h5><h2>Fen\u00eatres Cortizo<\/h2><p>Apprenez \u00e0 mieux conna\u00eetre Cortizo et sachez pourquoi nos fen\u00eatres sont un bon choix.<\/p><a href=\"\/fr\/fenetres-pvc-cortizo-fenetres-de-confiance\" target=\"_self\">EN SAVOIR PLUS<\/a>\n<\/section>\n<\/div>[\/vc_column_inner][vc_column_inner width=&#8221;1\/3&#8243;]<div class=\"ozy-simlple-info-box\" id=\"simple-info-box-991\"><img src=\"https:\/\/www.mpvc.pt\/wp-content\/uploads\/2016\/03\/janelas-pvc-eficientes.jpg\" alt=\"Quelle est la diff\u00e9rence?\"\/><section><h5>Quelle est la diff\u00e9rence?<\/h5><h2>PVC versus Aluminium<\/h2><p>Ce qui les distingue et quels sont les avantages du PVC versus \u00e0 l\u2019Aluminium. <\/p><a href=\"\/fr\/avantages-des-fenetres-pvc\" target=\"_self\">EN SAVOIR PLUS<\/a>\n<\/section>\n<\/div>[\/vc_column_inner][vc_column_inner width=&#8221;1\/3&#8243;]<div class=\"ozy-simlple-info-box\" id=\"simple-info-box-1436\"><img src=\"https:\/\/www.mpvc.pt\/wp-content\/uploads\/2016\/03\/escolher-vidro-janelas.jpg\" alt=\"Comment Choisir? \"\/><section><h5>Comment Choisir? <\/h5><h2>Vitrage<\/h2><p>D\u00e9couvrez tout ce dont vous avez besoin pour choisir le bon vitrage pour votre fen\u00eatre PVC.<\/p><a href=\"\/fr\/choisissez-le-meilleur-vitrage-pour-vos-fenetres-pvc\" target=\"_self\">EN SAVOIR PLUS<\/a>\n<\/section>\n<\/div>[\/vc_column_inner][\/vc_row_inner][\/vc_column][\/vc_row]<\/p>\n","protected":false},"excerpt":{"rendered":"<p>[vc_row css=&#8221;.vc_custom_1477300554166{margin-top: 20px !important;}&#8221;][vc_column][vc_custom_heading text=&#8221;Garantie prolong\u00e9e et assistance dans tout le pays&#8221; use_theme_fonts=&#8221;yes&#8221;][vc_column_text]Chez MPVC, nous sommes fiers d&#8217;\u00eatre associ\u00e9s \u00e0 des partenaires de renom, ax\u00e9s sur la satisfaction des besoins [&hellip;]<\/p>\n","protected":false},"author":1,"featured_media":0,"parent":0,"menu_order":11,"comment_status":"closed","ping_status":"closed","template":"","meta":{"_mi_skip_tracking":false,"_monsterinsights_sitenote_active":false,"_monsterinsights_sitenote_note":"","_monsterinsights_sitenote_category":0},"yoast_head":"<!-- This site is optimized with the Yoast SEO plugin v19.4 - https:\/\/yoast.com\/wordpress\/plugins\/seo\/ -->\n<title>Assist\u00eancia e Garantias de Produtos e Servi\u00e7os | MPVC<\/title>\n<meta name=\"description\" content=\"Na MPVC orgulhamo-nos de estar associados a parceiros de topo, que constru\u00edram uma reputa\u00e7\u00e3o de qualidade e confian\u00e7a neste setor. | MPVC - Garantias.\" \/>\n<meta name=\"robots\" content=\"index, follow, max-snippet:-1, max-image-preview:large, max-video-preview:-1\" \/>\n<link rel=\"canonical\" href=\"https:\/\/www.mpvc.pt\/fr\/assistance-et-garanties\/\" \/>\n<meta property=\"og:locale\" content=\"fr_FR\" \/>\n<meta property=\"og:type\" content=\"article\" \/>\n<meta property=\"og:title\" content=\"Assist\u00eancia e Garantias de Produtos e Servi\u00e7os | MPVC\" \/>\n<meta property=\"og:description\" content=\"Na MPVC orgulhamo-nos de estar associados a parceiros de topo, que constru\u00edram uma reputa\u00e7\u00e3o de qualidade e confian\u00e7a neste setor. | MPVC - Garantias.\" \/>\n<meta property=\"og:url\" content=\"https:\/\/www.mpvc.pt\/fr\/assistance-et-garanties\/\" \/>\n<meta property=\"og:site_name\" content=\"MPVC\" \/>\n<meta property=\"article:modified_time\" content=\"2018-02-23T16:42:40+00:00\" \/>\n<meta name=\"twitter:card\" content=\"summary\" \/>\n<meta name=\"twitter:label1\" content=\"Dur\u00e9e de lecture estim\u00e9e\" \/>\n\t<meta name=\"twitter:data1\" content=\"2 minutes\" \/>\n<script type=\"application\/ld+json\" class=\"yoast-schema-graph\">{\"@context\":\"https:\/\/schema.org\",\"@graph\":[{\"@type\":\"WebSite\",\"@id\":\"https:\/\/www.mpvc.pt\/#website\",\"url\":\"https:\/\/www.mpvc.pt\/\",\"name\":\"MPVC\",\"description\":\"Janelas PVC\",\"potentialAction\":[{\"@type\":\"SearchAction\",\"target\":{\"@type\":\"EntryPoint\",\"urlTemplate\":\"https:\/\/www.mpvc.pt\/?s={search_term_string}\"},\"query-input\":\"required name=search_term_string\"}],\"inLanguage\":\"fr-FR\"},{\"@type\":\"WebPage\",\"@id\":\"https:\/\/www.mpvc.pt\/fr\/assistance-et-garanties\/\",\"url\":\"https:\/\/www.mpvc.pt\/fr\/assistance-et-garanties\/\",\"name\":\"Assist\u00eancia e Garantias de Produtos e Servi\u00e7os | MPVC\",\"isPartOf\":{\"@id\":\"https:\/\/www.mpvc.pt\/#website\"},\"datePublished\":\"2016-06-30T10:17:44+00:00\",\"dateModified\":\"2018-02-23T16:42:40+00:00\",\"description\":\"Na MPVC orgulhamo-nos de estar associados a parceiros de topo, que constru\u00edram uma reputa\u00e7\u00e3o de qualidade e confian\u00e7a neste setor. | MPVC - Garantias.\",\"breadcrumb\":{\"@id\":\"https:\/\/www.mpvc.pt\/fr\/assistance-et-garanties\/#breadcrumb\"},\"inLanguage\":\"fr-FR\",\"potentialAction\":[{\"@type\":\"ReadAction\",\"target\":[\"https:\/\/www.mpvc.pt\/fr\/assistance-et-garanties\/\"]}]},{\"@type\":\"BreadcrumbList\",\"@id\":\"https:\/\/www.mpvc.pt\/fr\/assistance-et-garanties\/#breadcrumb\",\"itemListElement\":[{\"@type\":\"ListItem\",\"position\":1,\"name\":\"In\u00edcio\",\"item\":\"https:\/\/www.mpvc.pt\/fr\/\"},{\"@type\":\"ListItem\",\"position\":2,\"name\":\"ASSISTANCE ET GARANTIES\"}]}]}<\/script>\n<!-- \/ Yoast SEO plugin. -->","yoast_head_json":{"title":"Assist\u00eancia e Garantias de Produtos e Servi\u00e7os | MPVC","description":"Na MPVC orgulhamo-nos de estar associados a parceiros de topo, que constru\u00edram uma reputa\u00e7\u00e3o de qualidade e confian\u00e7a neste setor. | MPVC - Garantias.","robots":{"index":"index","follow":"follow","max-snippet":"max-snippet:-1","max-image-preview":"max-image-preview:large","max-video-preview":"max-video-preview:-1"},"canonical":"https:\/\/www.mpvc.pt\/fr\/assistance-et-garanties\/","og_locale":"fr_FR","og_type":"article","og_title":"Assist\u00eancia e Garantias de Produtos e Servi\u00e7os | MPVC","og_description":"Na MPVC orgulhamo-nos de estar associados a parceiros de topo, que constru\u00edram uma reputa\u00e7\u00e3o de qualidade e confian\u00e7a neste setor. | MPVC - Garantias.","og_url":"https:\/\/www.mpvc.pt\/fr\/assistance-et-garanties\/","og_site_name":"MPVC","article_modified_time":"2018-02-23T16:42:40+00:00","twitter_card":"summary","twitter_misc":{"Dur\u00e9e de lecture estim\u00e9e":"2 minutes"},"schema":{"@context":"https:\/\/schema.org","@graph":[{"@type":"WebSite","@id":"https:\/\/www.mpvc.pt\/#website","url":"https:\/\/www.mpvc.pt\/","name":"MPVC","description":"Janelas PVC","potentialAction":[{"@type":"SearchAction","target":{"@type":"EntryPoint","urlTemplate":"https:\/\/www.mpvc.pt\/?s={search_term_string}"},"query-input":"required name=search_term_string"}],"inLanguage":"fr-FR"},{"@type":"WebPage","@id":"https:\/\/www.mpvc.pt\/fr\/assistance-et-garanties\/","url":"https:\/\/www.mpvc.pt\/fr\/assistance-et-garanties\/","name":"Assist\u00eancia e Garantias de Produtos e Servi\u00e7os | MPVC","isPartOf":{"@id":"https:\/\/www.mpvc.pt\/#website"},"datePublished":"2016-06-30T10:17:44+00:00","dateModified":"2018-02-23T16:42:40+00:00","description":"Na MPVC orgulhamo-nos de estar associados a parceiros de topo, que constru\u00edram uma reputa\u00e7\u00e3o de qualidade e confian\u00e7a neste setor. | MPVC - Garantias.","breadcrumb":{"@id":"https:\/\/www.mpvc.pt\/fr\/assistance-et-garanties\/#breadcrumb"},"inLanguage":"fr-FR","potentialAction":[{"@type":"ReadAction","target":["https:\/\/www.mpvc.pt\/fr\/assistance-et-garanties\/"]}]},{"@type":"BreadcrumbList","@id":"https:\/\/www.mpvc.pt\/fr\/assistance-et-garanties\/#breadcrumb","itemListElement":[{"@type":"ListItem","position":1,"name":"In\u00edcio","item":"https:\/\/www.mpvc.pt\/fr\/"},{"@type":"ListItem","position":2,"name":"ASSISTANCE ET GARANTIES"}]}]}},"_links":{"self":[{"href":"https:\/\/www.mpvc.pt\/fr\/wp-json\/wp\/v2\/pages\/3173"}],"collection":[{"href":"https:\/\/www.mpvc.pt\/fr\/wp-json\/wp\/v2\/pages"}],"about":[{"href":"https:\/\/www.mpvc.pt\/fr\/wp-json\/wp\/v2\/types\/page"}],"author":[{"embeddable":true,"href":"https:\/\/www.mpvc.pt\/fr\/wp-json\/wp\/v2\/users\/1"}],"replies":[{"embeddable":true,"href":"https:\/\/www.mpvc.pt\/fr\/wp-json\/wp\/v2\/comments?post=3173"}],"version-history":[{"count":3,"href":"https:\/\/www.mpvc.pt\/fr\/wp-json\/wp\/v2\/pages\/3173\/revisions"}],"predecessor-version":[{"id":3249,"href":"https:\/\/www.mpvc.pt\/fr\/wp-json\/wp\/v2\/pages\/3173\/revisions\/3249"}],"wp:attachment":[{"href":"https:\/\/www.mpvc.pt\/fr\/wp-json\/wp\/v2\/media?parent=3173"}],"curies":[{"name":"wp","href":"https:\/\/api.w.org\/{rel}","templated":true}]}}