{"id":3201,"date":"2016-06-28T10:51:35","date_gmt":"2016-06-28T10:51:35","guid":{"rendered":"https:\/\/www.mpvc.pt\/fr\/ser-revendedor\/"},"modified":"2021-02-19T18:07:35","modified_gmt":"2021-02-19T18:07:35","slug":"etre-revendeur-mpvc","status":"publish","type":"page","link":"https:\/\/www.mpvc.pt\/fr\/etre-revendeur-mpvc\/","title":{"rendered":"\u00caTRE REVENDEUR MPVC"},"content":{"rendered":"<p>[vc_row][vc_column][vc_custom_heading text=&#8221;Conna\u00eetre les avantages d&#8217;\u00eatre notre revendeur&#8221; use_theme_fonts=&#8221;yes&#8221;]<div class=\"header-line\" style=\"background-color:#dfdfdf\"><span style=\"height:1px;background-color:#6ace00\"><\/span><\/div>[vc_column_text]Si vous exercez ou avez l&#8217;intention d&#8217;exercer une activit\u00e9 dans ce secteur d&#8217;activit\u00e9 et souhaitez devenir notre revendeur, MPVC vous offre un ensemble d&#8217;avantages importants que vous devez conna\u00eetre, \u00e0 savoir:<\/p>\n<ul>\n<li>\u00catre notre premier choix pour effectuer des travaux dans la r\u00e9gion o\u00f9 vous \u00eates actif en tant que revendeur MPVC;<\/li>\n<li>Priorit\u00e9 pour r\u00e9pondre aux demandes de devis et aux commandes;<\/li>\n<li>Fourniture d&#8217;\u00e9chantillons physiques de nos produits;<\/li>\n<li>Soutien \u00e0 la cr\u00e9ation de votre showroom des produits MPVC.<\/li>\n<\/ul>\n<p>Pour un contact pr\u00e9alable dans le but de devenir revendeur MPVC, remplissez le formulaire disponible sur cette page.[\/vc_column_text][\/vc_column][\/vc_row][vc_row css=&#8221;.vc_custom_1478132076049{margin-top: 20px !important;margin-bottom: 0px !important;padding-top: 40px !important;padding-bottom: 60px !important;background-color: #f5f5f5 !important;}&#8221; row_min_height=&#8221;400&#8243;][vc_column][vc_row_inner][vc_column_inner][vc_column_text]<\/p>\n<h2 style=\"text-align: center;\">Voulez-vous \u00eatre un revendeur MPVC?<\/h2>\n<h2 style=\"text-align: center;\">Remplissez le formulaire pour commencer le processus.<\/h2>\n<p>[\/vc_column_text]<div class=\"header-line\" style=\"background-color:#dfdfdf\"><span style=\"height:1px;position:absolute;left:50%;margin-left:-50px;;background-color:#6ace00\"><\/span><\/div>[\/vc_column_inner][\/vc_row_inner]<div role=\"form\" class=\"wpcf7\" id=\"wpcf7-f3330-o1\" lang=\"pt-PT\" dir=\"ltr\">\n<div class=\"screen-reader-response\"><p role=\"status\" aria-live=\"polite\" aria-atomic=\"true\"><\/p> <ul><\/ul><\/div>\n<form action=\"\/fr\/wp-json\/wp\/v2\/pages\/3201#wpcf7-f3330-o1\" method=\"post\" class=\"wpcf7-form init\" novalidate=\"novalidate\" data-status=\"init\">\n<div style=\"display: none;\">\n<input type=\"hidden\" name=\"_wpcf7\" value=\"3330\" \/>\n<input type=\"hidden\" name=\"_wpcf7_version\" value=\"5.6.1\" \/>\n<input type=\"hidden\" name=\"_wpcf7_locale\" value=\"pt_PT\" \/>\n<input type=\"hidden\" name=\"_wpcf7_unit_tag\" value=\"wpcf7-f3330-o1\" \/>\n<input type=\"hidden\" name=\"_wpcf7_container_post\" value=\"0\" \/>\n<input type=\"hidden\" name=\"_wpcf7_posted_data_hash\" value=\"\" \/>\n<\/div>\n<p class=\"ozy-half-input\"><span class=\"wpcf7-form-control-wrap\" data-name=\"your-name\"><input type=\"text\" name=\"your-name\" value=\"\" size=\"40\" class=\"wpcf7-form-control wpcf7-text wpcf7-validates-as-required\" aria-required=\"true\" aria-invalid=\"false\" placeholder=\"Nom *\" \/><\/span><\/p>\n<p class=\"ozy-half-input-last\"><span class=\"wpcf7-form-control-wrap\" data-name=\"your-assunto\"><input type=\"text\" name=\"your-assunto\" value=\"\" size=\"40\" class=\"wpcf7-form-control wpcf7-text\" aria-invalid=\"false\" placeholder=\"Objet de la demande\" \/><\/span><\/p>\n<p class=\"ozy-half-input\"><span class=\"wpcf7-form-control-wrap\" data-name=\"your-email\"><input type=\"email\" name=\"your-email\" value=\"\" size=\"40\" class=\"wpcf7-form-control wpcf7-text wpcf7-email wpcf7-validates-as-required wpcf7-validates-as-email\" aria-required=\"true\" aria-invalid=\"false\" placeholder=\"Email *\" \/><\/span><\/p>\n<p class=\"ozy-half-input-last\"><span class=\"wpcf7-form-control-wrap\" data-name=\"Telephone\"><input type=\"tel\" name=\"Telephone\" value=\"\" size=\"40\" class=\"wpcf7-form-control wpcf7-text wpcf7-tel wpcf7-validates-as-required wpcf7-validates-as-tel telefone\" id=\"telefone\" aria-required=\"true\" aria-invalid=\"false\" placeholder=\"T\u00e9l\u00e9phone*\" \/><\/span><\/p>\n<p class=\"ozy-half-input\"><span class=\"wpcf7-form-control-wrap\" data-name=\"your-estado\"><input type=\"text\" name=\"your-estado\" value=\"\" size=\"40\" class=\"wpcf7-form-control wpcf7-text wpcf7-validates-as-required\" aria-required=\"true\" aria-invalid=\"false\" placeholder=\"Localit\u00e9\" \/><\/span><\/p>\n<p class=\"ozy-half-input-last\"><span class=\"wpcf7-form-control-wrap\" data-name=\"your-subject\"><input type=\"text\" name=\"your-subject\" value=\"\" size=\"40\" class=\"wpcf7-form-control wpcf7-text\" aria-invalid=\"false\" placeholder=\"Pays\" \/><\/span><\/p>\n<p class=\"ozy-full-input\"><span class=\"wpcf7-form-control-wrap\" data-name=\"your-message\"><textarea name=\"your-message\" cols=\"40\" rows=\"8\" class=\"wpcf7-form-control wpcf7-textarea\" aria-invalid=\"false\" placeholder=\"Message\"><\/textarea><\/span><\/p>\n<p><input type=\"submit\" value=\"ENVOYER &rarr;\" class=\"wpcf7-form-control has-spinner wpcf7-submit\" \/><\/p>\n<p style=\"display: none !important;\"><label>&#916;<textarea name=\"_wpcf7_ak_hp_textarea\" cols=\"45\" rows=\"8\" maxlength=\"100\"><\/textarea><\/label><input type=\"hidden\" id=\"ak_js_1\" name=\"_wpcf7_ak_js\" value=\"55\"\/><script>document.getElementById( \"ak_js_1\" ).setAttribute( \"value\", ( new Date() ).getTime() );<\/script><\/p><div class=\"wpcf7-response-output\" aria-hidden=\"true\"><\/div><\/form><\/div>[\/vc_column][\/vc_row]<\/p>\n","protected":false},"excerpt":{"rendered":"<p>[vc_row][vc_column][vc_custom_heading text=&#8221;Conna\u00eetre les avantages d&#8217;\u00eatre notre revendeur&#8221; use_theme_fonts=&#8221;yes&#8221;][vc_column_text]Si vous exercez ou avez l&#8217;intention d&#8217;exercer une activit\u00e9 dans ce secteur d&#8217;activit\u00e9 et souhaitez devenir notre revendeur, MPVC vous offre un ensemble [&hellip;]<\/p>\n","protected":false},"author":1,"featured_media":0,"parent":0,"menu_order":6,"comment_status":"closed","ping_status":"closed","template":"","meta":{"_mi_skip_tracking":false,"_monsterinsights_sitenote_active":false,"_monsterinsights_sitenote_note":"","_monsterinsights_sitenote_category":0},"yoast_head":"<!-- This site is optimized with the Yoast SEO plugin v19.4 - https:\/\/yoast.com\/wordpress\/plugins\/seo\/ -->\n<title>Quer ser nosso Revendedor? Preencha o Formul\u00e1rio | MPVC<\/title>\n<meta name=\"description\" content=\"Conhe\u00e7a todas as vantagens de distribuir as nossas janelas PVC e outros produtos. Entre em contacto connosco para iniciar o processo. | MPVC - Revendedores.\" \/>\n<meta name=\"robots\" content=\"index, follow, max-snippet:-1, max-image-preview:large, max-video-preview:-1\" \/>\n<link rel=\"canonical\" href=\"https:\/\/www.mpvc.pt\/fr\/etre-revendeur-mpvc\/\" \/>\n<meta property=\"og:locale\" content=\"fr_FR\" \/>\n<meta property=\"og:type\" content=\"article\" \/>\n<meta property=\"og:title\" content=\"Quer ser nosso Revendedor? Preencha o Formul\u00e1rio | MPVC\" \/>\n<meta property=\"og:description\" content=\"Conhe\u00e7a todas as vantagens de distribuir as nossas janelas PVC e outros produtos. Entre em contacto connosco para iniciar o processo. | MPVC - Revendedores.\" \/>\n<meta property=\"og:url\" content=\"https:\/\/www.mpvc.pt\/fr\/etre-revendeur-mpvc\/\" \/>\n<meta property=\"og:site_name\" content=\"MPVC\" \/>\n<meta property=\"article:modified_time\" content=\"2021-02-19T18:07:35+00:00\" \/>\n<meta name=\"twitter:card\" content=\"summary\" \/>\n<meta name=\"twitter:label1\" content=\"Dur\u00e9e de lecture estim\u00e9e\" \/>\n\t<meta name=\"twitter:data1\" content=\"1 minute\" \/>\n<script type=\"application\/ld+json\" class=\"yoast-schema-graph\">{\"@context\":\"https:\/\/schema.org\",\"@graph\":[{\"@type\":\"WebSite\",\"@id\":\"https:\/\/www.mpvc.pt\/#website\",\"url\":\"https:\/\/www.mpvc.pt\/\",\"name\":\"MPVC\",\"description\":\"Janelas PVC\",\"potentialAction\":[{\"@type\":\"SearchAction\",\"target\":{\"@type\":\"EntryPoint\",\"urlTemplate\":\"https:\/\/www.mpvc.pt\/?s={search_term_string}\"},\"query-input\":\"required name=search_term_string\"}],\"inLanguage\":\"fr-FR\"},{\"@type\":\"WebPage\",\"@id\":\"https:\/\/www.mpvc.pt\/fr\/etre-revendeur-mpvc\/\",\"url\":\"https:\/\/www.mpvc.pt\/fr\/etre-revendeur-mpvc\/\",\"name\":\"Quer ser nosso Revendedor? Preencha o Formul\u00e1rio | MPVC\",\"isPartOf\":{\"@id\":\"https:\/\/www.mpvc.pt\/#website\"},\"datePublished\":\"2016-06-28T10:51:35+00:00\",\"dateModified\":\"2021-02-19T18:07:35+00:00\",\"description\":\"Conhe\u00e7a todas as vantagens de distribuir as nossas janelas PVC e outros produtos. Entre em contacto connosco para iniciar o processo. | MPVC - Revendedores.\",\"breadcrumb\":{\"@id\":\"https:\/\/www.mpvc.pt\/fr\/etre-revendeur-mpvc\/#breadcrumb\"},\"inLanguage\":\"fr-FR\",\"potentialAction\":[{\"@type\":\"ReadAction\",\"target\":[\"https:\/\/www.mpvc.pt\/fr\/etre-revendeur-mpvc\/\"]}]},{\"@type\":\"BreadcrumbList\",\"@id\":\"https:\/\/www.mpvc.pt\/fr\/etre-revendeur-mpvc\/#breadcrumb\",\"itemListElement\":[{\"@type\":\"ListItem\",\"position\":1,\"name\":\"In\u00edcio\",\"item\":\"https:\/\/www.mpvc.pt\/fr\/\"},{\"@type\":\"ListItem\",\"position\":2,\"name\":\"\u00caTRE REVENDEUR MPVC\"}]}]}<\/script>\n<!-- \/ Yoast SEO plugin. -->","yoast_head_json":{"title":"Quer ser nosso Revendedor? Preencha o Formul\u00e1rio | MPVC","description":"Conhe\u00e7a todas as vantagens de distribuir as nossas janelas PVC e outros produtos. Entre em contacto connosco para iniciar o processo. | MPVC - Revendedores.","robots":{"index":"index","follow":"follow","max-snippet":"max-snippet:-1","max-image-preview":"max-image-preview:large","max-video-preview":"max-video-preview:-1"},"canonical":"https:\/\/www.mpvc.pt\/fr\/etre-revendeur-mpvc\/","og_locale":"fr_FR","og_type":"article","og_title":"Quer ser nosso Revendedor? Preencha o Formul\u00e1rio | MPVC","og_description":"Conhe\u00e7a todas as vantagens de distribuir as nossas janelas PVC e outros produtos. Entre em contacto connosco para iniciar o processo. | MPVC - Revendedores.","og_url":"https:\/\/www.mpvc.pt\/fr\/etre-revendeur-mpvc\/","og_site_name":"MPVC","article_modified_time":"2021-02-19T18:07:35+00:00","twitter_card":"summary","twitter_misc":{"Dur\u00e9e de lecture estim\u00e9e":"1 minute"},"schema":{"@context":"https:\/\/schema.org","@graph":[{"@type":"WebSite","@id":"https:\/\/www.mpvc.pt\/#website","url":"https:\/\/www.mpvc.pt\/","name":"MPVC","description":"Janelas PVC","potentialAction":[{"@type":"SearchAction","target":{"@type":"EntryPoint","urlTemplate":"https:\/\/www.mpvc.pt\/?s={search_term_string}"},"query-input":"required name=search_term_string"}],"inLanguage":"fr-FR"},{"@type":"WebPage","@id":"https:\/\/www.mpvc.pt\/fr\/etre-revendeur-mpvc\/","url":"https:\/\/www.mpvc.pt\/fr\/etre-revendeur-mpvc\/","name":"Quer ser nosso Revendedor? Preencha o Formul\u00e1rio | MPVC","isPartOf":{"@id":"https:\/\/www.mpvc.pt\/#website"},"datePublished":"2016-06-28T10:51:35+00:00","dateModified":"2021-02-19T18:07:35+00:00","description":"Conhe\u00e7a todas as vantagens de distribuir as nossas janelas PVC e outros produtos. Entre em contacto connosco para iniciar o processo. | MPVC - Revendedores.","breadcrumb":{"@id":"https:\/\/www.mpvc.pt\/fr\/etre-revendeur-mpvc\/#breadcrumb"},"inLanguage":"fr-FR","potentialAction":[{"@type":"ReadAction","target":["https:\/\/www.mpvc.pt\/fr\/etre-revendeur-mpvc\/"]}]},{"@type":"BreadcrumbList","@id":"https:\/\/www.mpvc.pt\/fr\/etre-revendeur-mpvc\/#breadcrumb","itemListElement":[{"@type":"ListItem","position":1,"name":"In\u00edcio","item":"https:\/\/www.mpvc.pt\/fr\/"},{"@type":"ListItem","position":2,"name":"\u00caTRE REVENDEUR MPVC"}]}]}},"_links":{"self":[{"href":"https:\/\/www.mpvc.pt\/fr\/wp-json\/wp\/v2\/pages\/3201"}],"collection":[{"href":"https:\/\/www.mpvc.pt\/fr\/wp-json\/wp\/v2\/pages"}],"about":[{"href":"https:\/\/www.mpvc.pt\/fr\/wp-json\/wp\/v2\/types\/page"}],"author":[{"embeddable":true,"href":"https:\/\/www.mpvc.pt\/fr\/wp-json\/wp\/v2\/users\/1"}],"replies":[{"embeddable":true,"href":"https:\/\/www.mpvc.pt\/fr\/wp-json\/wp\/v2\/comments?post=3201"}],"version-history":[{"count":3,"href":"https:\/\/www.mpvc.pt\/fr\/wp-json\/wp\/v2\/pages\/3201\/revisions"}],"predecessor-version":[{"id":3332,"href":"https:\/\/www.mpvc.pt\/fr\/wp-json\/wp\/v2\/pages\/3201\/revisions\/3332"}],"wp:attachment":[{"href":"https:\/\/www.mpvc.pt\/fr\/wp-json\/wp\/v2\/media?parent=3201"}],"curies":[{"name":"wp","href":"https:\/\/api.w.org\/{rel}","templated":true}]}}